{"id":250,"date":"2022-09-30T13:13:34","date_gmt":"2022-09-30T12:13:34","guid":{"rendered":"http:\/\/wpdiarytheme.com\/mistni-babicka-seznamka\/"},"modified":"2022-09-30T13:13:34","modified_gmt":"2022-09-30T12:13:34","slug":"mistni-babicka-seznamka","status":"publish","type":"page","link":"https:\/\/wpdiarytheme.com\/cs\/mistni-babicka-seznamka\/","title":{"rendered":"M\u00edstn\u00ed babi\u010dka Seznamka"},"content":{"rendered":"<p>Existuje mnoho d\u016fvod\u016f, pro\u010d randit s m\u00edstn\u00ed babi\u010dkou. Za prv\u00e9, obvykle znaj\u00ed v\u0161echna nejlep\u0161\u00ed m\u00edsta ve m\u011bst\u011b. A za druh\u00e9, obvykle jsou na cokoliv. Pokud <a href=\"http:\/\/wpdiarytheme.com\/free-fuck-sites\/\">hled\u00e1te n\u011bkoho, kdo<\/a> v\u00e1s vezme do nejlep\u0161\u00edch bar\u016f a klub\u016f ve m\u011bst\u011b, m\u00edstn\u00ed babi\u010dka je va\u0161e nejlep\u0161\u00ed s\u00e1zka. Znaj\u00ed v\u0161echna hork\u00e1 m\u00edsta a obvykle v\u00e1s mohou bez probl\u00e9m\u016f dostat dovnit\u0159. Nav\u00edc jsou obvykle pro cokoli, pokud jde o p\u0159ipojen\u00ed.<\/p>\n<p>Tak\u017ee pokud hled\u00e1te z\u00e1bavnou noc ve m\u011bst\u011b s n\u011bk\u00fdm, kdo v\u00ed, jak v\u00e1m uk\u00e1zat dobr\u00fd \u010das, m\u00edstn\u00ed babi\u010dka je va\u0161e nejlep\u0161\u00ed s\u00e1zka.<\/p>\n<h2>Sezn\u00e1mit se s Gilfs<\/h2>\n<p>V dne\u0161n\u00ed dob\u011b existuje mnoho zp\u016fsob\u016f, jak se setkat s Gilfsem. M\u016f\u017eete j\u00edt online a hledat seznamovac\u00ed webov\u00e9 str\u00e1nky, kter\u00e9 se staraj\u00ed o Gilfs, nebo m\u016f\u017eete j\u00edt ven a kolem a hledat Gilfs ve va\u0161\u00ed oblasti. Gilfs m\u016f\u017eete tak\u00e9 naj\u00edt prost\u0159ednictv\u00edm spole\u010dn\u00fdch p\u0159\u00e1tel nebo na spole\u010densk\u00fdch setk\u00e1n\u00edch. Jakmile najdete Gilfa, kter\u00fd se v\u00e1m l\u00edb\u00ed, m\u016f\u017eete s n\u00ed za\u010d\u00edt chatovat a l\u00e9pe ji poznat. Pokud to tref\u00edte, m\u016f\u017eete j\u00edt na rande nebo dv\u011b a zjistit, kam se v\u011bci odtamtud dostanou.<\/p>\n<h2>GILF Datum<\/h2>\n<p>Na tr\u00e1ven\u00ed \u010dasu s postavou typu babi\u010dky je n\u011bco zvl\u00e1\u0161tn\u00edho. Maj\u00ed tolik moudrosti a \u017eivotn\u00edch zku\u0161enost\u00ed, o kter\u00e9 se mohou pod\u011blit, a obvykle jsou nohama na zemi a snadno se s nimi mluv\u00ed. Gilfs jsou tak\u00e9 obvykle docela sexy a v\u011bd\u00ed, jak se dob\u0159e bavit. Pokud hled\u00e1te l\u00e1sku, tr\u00e1ven\u00ed \u010dasu s gilfem je skv\u011bl\u00fd zp\u016fsob, jak ji naj\u00edt. M\u016f\u017eete se od nich hodn\u011b nau\u010dit a pravd\u011bpodobn\u011b si p\u0159i tom u\u017eijete spoustu legrace. Kdo v\u00ed, mo\u017en\u00e1 dokonce najdete l\u00e1sku sv\u00e9ho \u017eivota.<\/p>\n<h2>M\u00edstn\u00ed GILF<\/h2>\n<p>V\u011bd\u00ed, jak se dob\u0159e bavit, a jsou v\u017edy na dobr\u00fd \u010das. Jsou tak\u00e9 skv\u011bl\u00e9 v posteli. Pokud hled\u00e1te gilf k dne\u0161n\u00edmu dni, ur\u010dit\u011b se budete cht\u00edt pod\u00edvat na m\u00edstn\u00ed gilf.<\/p>\n<h3>OneBBW<\/h3>\n<p>Pokud hled\u00e1te m\u00edstn\u00ed babi\u010dku k dne\u0161n\u00edmu dni, aplikace OneBBW je skv\u011bl\u00e1 volba. Aplikace se snadno pou\u017e\u00edv\u00e1 a m\u00e1 velk\u00fd v\u00fdb\u011br babi\u010dek, ze kter\u00fdch si m\u016f\u017eete vybrat. Babi\u010dky v aplikaci jsou tak\u00e9 velmi p\u0159\u00e1telsk\u00e9 a snadno se s nimi mluv\u00ed. Celkov\u011b je aplikace OneBBW skv\u011blou volbou pro m\u00edstn\u00ed babi\u010dku.<\/p>\n<h3>DateMyAge<\/h3>\n<p>DateMyAge je jednou z nejpopul\u00e1rn\u011bj\u0161\u00edch babi\u010d\u010din\u00fdch seznamovac\u00edch aplikac\u00ed, kter\u00e9 jsou dnes k dispozici. Aplikace usnad\u0148uje nalezen\u00ed a spojen\u00ed s m\u00edstn\u00edmi babi\u010dkami, kter\u00e9 hledaj\u00ed l\u00e1sku a spole\u010dnost. Aplikace je zdarma ke sta\u017een\u00ed a pou\u017eit\u00ed a nab\u00edz\u00ed \u0161irokou \u0161k\u00e1lu funkc\u00ed, kter\u00e9 v\u00e1m pomohou naj\u00edt perfektn\u00ed z\u00e1pas pro v\u00e1s. Aplikace m\u00e1 tak\u00e9 skv\u011bl\u00e9 u\u017eivatelsk\u00e9 rozhran\u00ed, kter\u00e9 usnad\u0148uje navigaci a pou\u017e\u00edv\u00e1n\u00ed. Celkov\u011b je DateMyAge skv\u011blou volbou pro ty, kte\u0159\u00ed hledaj\u00ed babi\u010dku seznamovac\u00ed aplikaci.<\/p>\n<h3>Fling.com<\/h3>\n<p>Pokud hled\u00e1te seznamovac\u00ed aplikaci, kter\u00e1 usnad\u0148uje spojen\u00ed s m\u00edstn\u00edmi babi\u010dkami, m\u011bli byste se ur\u010dit\u011b pod\u00edvat Fling.com. Aplikace je zdarma ke sta\u017een\u00ed a pou\u017eit\u00ed a je velmi snadn\u00e9 zjistit, jak pou\u017e\u00edvat. V\u0161e, co mus\u00edte ud\u011blat, je vytvo\u0159it si profil a za\u010d\u00edt proch\u00e1zet babi\u010dky ve va\u0161\u00ed oblasti. M\u016f\u017eete jim poslat zpr\u00e1vu, chatovat s nimi a dokonce se s nimi osobn\u011b setkat, pokud m\u00e1te oba z\u00e1jem.<\/p>\n<p>Nejlep\u0161\u00ed na Fling.com je, \u017ee je zcela diskr\u00e9tn\u00ed. Nemus\u00edte se ob\u00e1vat, \u017ee se va\u0161e rodina nebo p\u0159\u00e1tel\u00e9 dozv\u011bd\u00ed o va\u0161ich babi\u010dk\u00e1ch. V\u0161e je zcela d\u016fv\u011brn\u00e9. Tak\u017ee pokud hled\u00e1te zp\u016fsob, jak oko\u0159enit sv\u016fj milostn\u00fd \u017eivot, ur\u010dit\u011b Fling.com zkuste.<\/p>\n","protected":false},"excerpt":{"rendered":"<p>Existuje mnoho d\u016fvod\u016f, pro\u010d randit s m\u00edstn\u00ed babi\u010dkou. Za prv\u00e9, obvykle znaj\u00ed v\u0161echna nejlep\u0161\u00ed m\u00edsta ve m\u011bst\u011b. A za druh\u00e9,&hellip;<\/p>\n","protected":false},"author":1,"featured_media":0,"parent":0,"menu_order":0,"comment_status":"closed","ping_status":"closed","template":"","meta":[],"yoast_head":"<!-- This site is optimized with the Yoast SEO plugin v17.7.1 - https:\/\/yoast.com\/wordpress\/plugins\/seo\/ -->\n<title>M\u00edstn\u00ed babi\u010dka Seznamka - Dating Themes<\/title>\n<meta name=\"robots\" content=\"index, follow, max-snippet:-1, max-image-preview:large, max-video-preview:-1\" \/>\n<link rel=\"canonical\" href=\"https:\/\/wpdiarytheme.com\/cs\/mistni-babicka-seznamka\/\" \/>\n<meta property=\"og:locale\" content=\"cs_CZ\" \/>\n<meta property=\"og:type\" content=\"article\" \/>\n<meta property=\"og:title\" content=\"M\u00edstn\u00ed babi\u010dka Seznamka - Dating Themes\" \/>\n<meta property=\"og:description\" content=\"Existuje mnoho d\u016fvod\u016f, pro\u010d randit s m\u00edstn\u00ed babi\u010dkou. Za prv\u00e9, obvykle znaj\u00ed v\u0161echna nejlep\u0161\u00ed m\u00edsta ve m\u011bst\u011b. A za druh\u00e9,&hellip;\" \/>\n<meta property=\"og:url\" content=\"https:\/\/wpdiarytheme.com\/cs\/mistni-babicka-seznamka\/\" \/>\n<meta property=\"og:site_name\" content=\"Dating Themes\" \/>\n<meta name=\"twitter:card\" content=\"summary_large_image\" \/>\n<meta name=\"twitter:label1\" content=\"Odhadovan\u00e1 doba \u010dten\u00ed\" \/>\n\t<meta name=\"twitter:data1\" content=\"3 minuty\" \/>\n<script type=\"application\/ld+json\" class=\"yoast-schema-graph\">{\"@context\":\"https:\/\/schema.org\",\"@graph\":[{\"@type\":\"WebSite\",\"@id\":\"https:\/\/wpdiarytheme.com\/#website\",\"url\":\"https:\/\/wpdiarytheme.com\/\",\"name\":\"Dating Themes\",\"description\":\"Find Your Perfect App\",\"potentialAction\":[{\"@type\":\"SearchAction\",\"target\":{\"@type\":\"EntryPoint\",\"urlTemplate\":\"https:\/\/wpdiarytheme.com\/?s={search_term_string}\"},\"query-input\":\"required name=search_term_string\"}],\"inLanguage\":\"cs\"},{\"@type\":\"WebPage\",\"@id\":\"https:\/\/wpdiarytheme.com\/cs\/mistni-babicka-seznamka\/#webpage\",\"url\":\"https:\/\/wpdiarytheme.com\/cs\/mistni-babicka-seznamka\/\",\"name\":\"M\\u00edstn\\u00ed babi\\u010dka Seznamka - Dating Themes\",\"isPartOf\":{\"@id\":\"https:\/\/wpdiarytheme.com\/#website\"},\"datePublished\":\"2022-09-30T12:13:34+00:00\",\"dateModified\":\"2022-09-30T12:13:34+00:00\",\"breadcrumb\":{\"@id\":\"https:\/\/wpdiarytheme.com\/cs\/mistni-babicka-seznamka\/#breadcrumb\"},\"inLanguage\":\"cs\",\"potentialAction\":[{\"@type\":\"ReadAction\",\"target\":[\"https:\/\/wpdiarytheme.com\/cs\/mistni-babicka-seznamka\/\"]}]},{\"@type\":\"BreadcrumbList\",\"@id\":\"https:\/\/wpdiarytheme.com\/cs\/mistni-babicka-seznamka\/#breadcrumb\",\"itemListElement\":[{\"@type\":\"ListItem\",\"position\":1,\"name\":\"Home\",\"item\":\"https:\/\/wpdiarytheme.com\/cs\/\"},{\"@type\":\"ListItem\",\"position\":2,\"name\":\"M\\u00edstn\\u00ed babi\\u010dka Seznamka\"}]}]}<\/script>\n<!-- \/ Yoast SEO plugin. -->","yoast_head_json":{"title":"M\u00edstn\u00ed babi\u010dka Seznamka - Dating Themes","robots":{"index":"index","follow":"follow","max-snippet":"max-snippet:-1","max-image-preview":"max-image-preview:large","max-video-preview":"max-video-preview:-1"},"canonical":"https:\/\/wpdiarytheme.com\/cs\/mistni-babicka-seznamka\/","og_locale":"cs_CZ","og_type":"article","og_title":"M\u00edstn\u00ed babi\u010dka Seznamka - Dating Themes","og_description":"Existuje mnoho d\u016fvod\u016f, pro\u010d randit s m\u00edstn\u00ed babi\u010dkou. Za prv\u00e9, obvykle znaj\u00ed v\u0161echna nejlep\u0161\u00ed m\u00edsta ve m\u011bst\u011b. A za druh\u00e9,&hellip;","og_url":"https:\/\/wpdiarytheme.com\/cs\/mistni-babicka-seznamka\/","og_site_name":"Dating Themes","twitter_card":"summary_large_image","twitter_misc":{"Odhadovan\u00e1 doba \u010dten\u00ed":"3 minuty"},"schema":{"@context":"https:\/\/schema.org","@graph":[{"@type":"WebSite","@id":"https:\/\/wpdiarytheme.com\/#website","url":"https:\/\/wpdiarytheme.com\/","name":"Dating Themes","description":"Find Your Perfect App","potentialAction":[{"@type":"SearchAction","target":{"@type":"EntryPoint","urlTemplate":"https:\/\/wpdiarytheme.com\/?s={search_term_string}"},"query-input":"required name=search_term_string"}],"inLanguage":"cs"},{"@type":"WebPage","@id":"https:\/\/wpdiarytheme.com\/cs\/mistni-babicka-seznamka\/#webpage","url":"https:\/\/wpdiarytheme.com\/cs\/mistni-babicka-seznamka\/","name":"M\u00edstn\u00ed babi\u010dka Seznamka - Dating Themes","isPartOf":{"@id":"https:\/\/wpdiarytheme.com\/#website"},"datePublished":"2022-09-30T12:13:34+00:00","dateModified":"2022-09-30T12:13:34+00:00","breadcrumb":{"@id":"https:\/\/wpdiarytheme.com\/cs\/mistni-babicka-seznamka\/#breadcrumb"},"inLanguage":"cs","potentialAction":[{"@type":"ReadAction","target":["https:\/\/wpdiarytheme.com\/cs\/mistni-babicka-seznamka\/"]}]},{"@type":"BreadcrumbList","@id":"https:\/\/wpdiarytheme.com\/cs\/mistni-babicka-seznamka\/#breadcrumb","itemListElement":[{"@type":"ListItem","position":1,"name":"Home","item":"https:\/\/wpdiarytheme.com\/cs\/"},{"@type":"ListItem","position":2,"name":"M\u00edstn\u00ed babi\u010dka Seznamka"}]}]}},"_links":{"self":[{"href":"https:\/\/wpdiarytheme.com\/cs\/wp-json\/wp\/v2\/pages\/250"}],"collection":[{"href":"https:\/\/wpdiarytheme.com\/cs\/wp-json\/wp\/v2\/pages"}],"about":[{"href":"https:\/\/wpdiarytheme.com\/cs\/wp-json\/wp\/v2\/types\/page"}],"author":[{"embeddable":true,"href":"https:\/\/wpdiarytheme.com\/cs\/wp-json\/wp\/v2\/users\/1"}],"replies":[{"embeddable":true,"href":"https:\/\/wpdiarytheme.com\/cs\/wp-json\/wp\/v2\/comments?post=250"}],"version-history":[{"count":0,"href":"https:\/\/wpdiarytheme.com\/cs\/wp-json\/wp\/v2\/pages\/250\/revisions"}],"wp:attachment":[{"href":"https:\/\/wpdiarytheme.com\/cs\/wp-json\/wp\/v2\/media?parent=250"}],"curies":[{"name":"wp","href":"https:\/\/api.w.org\/{rel}","templated":true}]}}