{"id":246,"date":"2022-09-30T13:14:07","date_gmt":"2022-09-30T12:14:07","guid":{"rendered":"http:\/\/wpdiarytheme.com\/stranky-pro-pripojeni-milf\/"},"modified":"2022-09-30T13:14:07","modified_gmt":"2022-09-30T12:14:07","slug":"stranky-pro-pripojeni-milf","status":"publish","type":"page","link":"https:\/\/wpdiarytheme.com\/cs\/stranky-pro-pripojeni-milf\/","title":{"rendered":"Str\u00e1nky pro p\u0159ipojen\u00ed MILF"},"content":{"rendered":"<p>Existuje mnoho milf hookup str\u00e1nek tam, ale ne v\u0161echny z nich jsou vytvo\u0159eny stejn\u00e9. Chcete se ujistit, \u017ee najdete web, kter\u00fd m\u00e1 mnoho \u010dlen\u016f, je snadno pou\u017eiteln\u00fd a m\u00e1 dobrou pov\u011bst.<\/p>\n<p>Jedn\u00edm z nejlep\u0161\u00edch zp\u016fsob\u016f, jak naj\u00edt dobr\u00fd <a href=\"http:\/\/wpdiarytheme.com\/adult-sexting-sites\/\">milf hookup site, je p\u0159e\u010d\u00edst si jejich recenze<\/a>. To v\u00e1m d\u00e1 dobrou p\u0159edstavu o tom, co si ostatn\u00ed lid\u00e9 mysl\u00ed o webu a zda to stoj\u00ed za v\u00e1\u0161 \u010das. Dal\u0161\u00ed v\u011bc, kterou je t\u0159eba zv\u00e1\u017eit, je cena. N\u011bkter\u00e9 str\u00e1nky jsou zdarma, zat\u00edmco jin\u00e9 budou \u00fa\u010dtovat m\u011bs\u00ed\u010dn\u00ed poplatek. Pokud se chcete p\u0159ipojit k milf jen jednou za \u010das, pak by pro v\u00e1s mohla b\u00fdt dobr\u00e1 volba zdarma. Pokud v\u0161ak chcete web pou\u017e\u00edvat \u010dast\u011bji, mo\u017en\u00e1 budete cht\u00edt zv\u00e1\u017eit zaplacen\u00ed m\u011bs\u00ed\u010dn\u00edho poplatku.<\/p>\n<p>Kdy\u017e se d\u00edv\u00e1te na str\u00e1nky s p\u0159ipojen\u00edm milf, ujist\u011bte se, \u017ee najdete ten, kter\u00fd m\u00e1 mnoho \u010dlen\u016f. \u010c\u00edm v\u00edce \u010dlen\u016f m\u00e1 web, t\u00edm v\u011bt\u0161\u00ed je \u0161ance, \u017ee najdete n\u011bkoho, s k\u00fdm se m\u016f\u017eete spojit. Tak\u00e9 se ujist\u011bte, \u017ee se web snadno pou\u017e\u00edv\u00e1. M\u011bli byste b\u00fdt schopni snadno se orientovat a naj\u00edt v\u011bci, kter\u00e9 hled\u00e1te. Pokud je web obt\u00ed\u017en\u011b pou\u017eiteln\u00fd, mo\u017en\u00e1 budete cht\u00edt hledat jinde.<\/p>\n<p>Nakonec se ujist\u011bte, \u017ee web m\u00e1 dobrou pov\u011bst. M\u016f\u017eete se pod\u00edvat na recenze webu online, abyste zjistili, co si o tom mysl\u00ed ostatn\u00ed lid\u00e9.<\/p>\n<h2>Sezn\u00e1mit se s A Milf<\/h2>\n<p>Na rand\u011bn\u00ed s MILF je n\u011bco, co je prost\u011b \u00fa\u017easn\u00e9. Jsou zku\u0161en\u00ed, sebev\u011bdom\u00ed a p\u0159esn\u011b v\u011bd\u00ed, co v \u017eivot\u011b cht\u011bj\u00ed. Nav\u00edc jsou obvykle opravdu hork\u00e9.<\/p>\n<p>Vzpom\u00edn\u00e1m si, \u017ee jsem p\u0159ed n\u011bkolika lety \u0161el na rande s MILF a bylo to neuv\u011b\u0159iteln\u00e9. Byla tak sebev\u011bdom\u00e1 a jist\u00e1 sama sebou a p\u0159esn\u011b v\u011bd\u011bla, co chce. Nav\u00edc byla opravdu hork\u00e1. Nakonec jsme spolu tu noc spali a byl to jeden z nejlep\u0161\u00edch sexu\u00e1ln\u00edch z\u00e1\u017eitk\u016f, kter\u00e9 jsem kdy m\u011bl. Pokud p\u0159em\u00fd\u0161l\u00edte o datov\u00e1n\u00ed MILF, pak prost\u011b jd\u011bte na to. Nebudete litovat.<\/p>\n<h2>Milf Seznamka<\/h2>\n<p>Existuje mnoho v\u00fdhod pro datov\u00e1n\u00ed MILF, v\u010detn\u011b zku\u0161enost\u00ed, moudrosti a zralosti. MILF jsou tak\u00e9 obvykle sebev\u011bdom\u011bj\u0161\u00ed a sebev\u011bdom\u011bj\u0161\u00ed ne\u017e mlad\u0161\u00ed \u017eeny, co\u017e m\u016f\u017ee b\u00fdt hlavn\u00ed obrat. Pokud hled\u00e1te l\u00e1sku a chcete randit s MILF, existuje n\u011bkolik v\u011bc\u00ed, kter\u00e9 byste m\u011bli m\u00edt na pam\u011bti. Za prv\u00e9, bu\u010fte uctiv\u00ed a ohledupln\u00ed k jej\u00edmu v\u011bku a zku\u0161enostem. Za druh\u00e9, berte v\u011bci pomalu a nesp\u011bchejte do ni\u010deho fyzick\u00e9ho. A kone\u010dn\u011b, ujist\u011bte se, \u017ee komunikujete otev\u0159en\u011b a up\u0159\u00edmn\u011b mezi sebou, abyste se ujistili, \u017ee jste oba na stejn\u00e9 str\u00e1nce. Pokud m\u016f\u017eete d\u011blat tyto v\u011bci, jste na dobr\u00e9 cest\u011b k napl\u0148uj\u00edc\u00edmu a vzru\u0161uj\u00edc\u00edmu vztahu s MILF.<\/p>\n<h2>Milfs Seznamka<\/h2>\n<p>Existuje spousta seznamovac\u00edch web\u016f, kter\u00e9 se staraj\u00ed o r\u016fzn\u00e9 publikum. MilfsDatingSite je jedn\u00edm z takov\u00fdch web\u016f, jeho\u017e c\u00edlem je spojit milfs s opr\u00e1vn\u011bn\u00fdmi mu\u017ei. Str\u00e1nka m\u00e1 docela jednoduch\u00e9 rozhran\u00ed a slu\u0161nou u\u017eivatelskou z\u00e1kladnu. Stoj\u00ed v\u0161ak za zm\u00ednku, \u017ee web je st\u00e1le v ran\u00fdch f\u00e1z\u00edch, a tak se tu a tam mohou vyskytnout n\u011bjak\u00e9 chyby. Celkov\u011b je MilfsDatingSite slu\u0161nou volbou pro ty, kte\u0159\u00ed cht\u011bj\u00ed datovat milf.<\/p>\n<h3>Xmeets<\/h3>\n<p>Xmeets je seznamovac\u00ed aplikace, kter\u00e1 je speci\u00e1ln\u011b navr\u017eena pro lidi, kte\u0159\u00ed se cht\u011bj\u00ed p\u0159ipojit k MILF. Aplikace se snadno pou\u017e\u00edv\u00e1 a m\u00e1 mnoho funkc\u00ed, d\u00edky nim\u017e je jedn\u00edm z nejlep\u0161\u00edch web\u016f pro p\u0159ipojen\u00ed MILF. Aplikace m\u00e1 tak\u00e9 mnoho pozitivn\u00edch recenz\u00ed od u\u017eivatel\u016f.<\/p>\n<h3>Alt.com<\/h3>\n<p>Pokud hled\u00e1te milf hookup str\u00e1nky, kter\u00e9 jsou spolehliv\u00e9 a snadno pou\u017eiteln\u00e9, pak Alt.com je skv\u011bl\u00e1 volba. Str\u00e1nka m\u00e1 u\u017eivatelsky p\u0159\u00edv\u011btiv\u00e9 rozhran\u00ed a velkou datab\u00e1zi \u010dlen\u016f, tak\u017ee ur\u010dit\u011b najdete n\u011bkoho, kdo vyhovuje va\u0161im pot\u0159eb\u00e1m. Funkce vyhled\u00e1v\u00e1n\u00ed a zas\u00edl\u00e1n\u00ed zpr\u00e1v jsou tak\u00e9 velmi dobr\u00e9, co\u017e usnad\u0148uje nalezen\u00ed a spojen\u00ed s potenci\u00e1ln\u00edmi shodami. Celkov\u011b je Alt.com skv\u011blou volbou pro ka\u017ed\u00e9ho, kdo hled\u00e1 milf hookup site.<\/p>\n<h3>TinderMeets<\/h3>\n<p>Pokud hled\u00e1te seznamovac\u00ed aplikaci, kter\u00e1 je speci\u00e1ln\u011b navr\u017eena pro spojen\u00ed se star\u0161\u00edmi \u017eenami, m\u011bli byste se pod\u00edvat na TinderMeets. Tato aplikace je st\u00e1le popul\u00e1rn\u011bj\u0161\u00ed u u\u017eivatel\u016f, kte\u0159\u00ed hledaj\u00ed zral\u00e9 seznamovac\u00ed partnery. Rozhran\u00ed se snadno pou\u017e\u00edv\u00e1 a aplikace poskytuje mnoho u\u017eite\u010dn\u00fdch funkc\u00ed, jako jsou vyhled\u00e1vac\u00ed filtry a syst\u00e9m zas\u00edl\u00e1n\u00ed zpr\u00e1v. Celkov\u011b je TinderMeets skv\u011blou volbou pro ka\u017ed\u00e9ho, kdo m\u00e1 z\u00e1jem o milf hookup datov\u00e1n\u00ed.<\/p>\n","protected":false},"excerpt":{"rendered":"<p>Existuje mnoho milf hookup str\u00e1nek tam, ale ne v\u0161echny z nich jsou vytvo\u0159eny stejn\u00e9. Chcete se ujistit, \u017ee najdete web,&hellip;<\/p>\n","protected":false},"author":1,"featured_media":0,"parent":0,"menu_order":0,"comment_status":"closed","ping_status":"closed","template":"","meta":[],"yoast_head":"<!-- This site is optimized with the Yoast SEO plugin v17.7.1 - https:\/\/yoast.com\/wordpress\/plugins\/seo\/ -->\n<title>Str\u00e1nky pro p\u0159ipojen\u00ed MILF - Dating Themes<\/title>\n<meta name=\"robots\" content=\"index, follow, max-snippet:-1, max-image-preview:large, max-video-preview:-1\" \/>\n<link rel=\"canonical\" href=\"https:\/\/wpdiarytheme.com\/cs\/stranky-pro-pripojeni-milf\/\" \/>\n<meta property=\"og:locale\" content=\"cs_CZ\" \/>\n<meta property=\"og:type\" content=\"article\" \/>\n<meta property=\"og:title\" content=\"Str\u00e1nky pro p\u0159ipojen\u00ed MILF - Dating Themes\" \/>\n<meta property=\"og:description\" content=\"Existuje mnoho milf hookup str\u00e1nek tam, ale ne v\u0161echny z nich jsou vytvo\u0159eny stejn\u00e9. Chcete se ujistit, \u017ee najdete web,&hellip;\" \/>\n<meta property=\"og:url\" content=\"https:\/\/wpdiarytheme.com\/cs\/stranky-pro-pripojeni-milf\/\" \/>\n<meta property=\"og:site_name\" content=\"Dating Themes\" \/>\n<meta name=\"twitter:card\" content=\"summary_large_image\" \/>\n<meta name=\"twitter:label1\" content=\"Odhadovan\u00e1 doba \u010dten\u00ed\" \/>\n\t<meta name=\"twitter:data1\" content=\"4 minuty\" \/>\n<script type=\"application\/ld+json\" class=\"yoast-schema-graph\">{\"@context\":\"https:\/\/schema.org\",\"@graph\":[{\"@type\":\"WebSite\",\"@id\":\"https:\/\/wpdiarytheme.com\/#website\",\"url\":\"https:\/\/wpdiarytheme.com\/\",\"name\":\"Dating Themes\",\"description\":\"Find Your Perfect App\",\"potentialAction\":[{\"@type\":\"SearchAction\",\"target\":{\"@type\":\"EntryPoint\",\"urlTemplate\":\"https:\/\/wpdiarytheme.com\/?s={search_term_string}\"},\"query-input\":\"required name=search_term_string\"}],\"inLanguage\":\"cs\"},{\"@type\":\"WebPage\",\"@id\":\"https:\/\/wpdiarytheme.com\/cs\/stranky-pro-pripojeni-milf\/#webpage\",\"url\":\"https:\/\/wpdiarytheme.com\/cs\/stranky-pro-pripojeni-milf\/\",\"name\":\"Str\\u00e1nky pro p\\u0159ipojen\\u00ed MILF - Dating Themes\",\"isPartOf\":{\"@id\":\"https:\/\/wpdiarytheme.com\/#website\"},\"datePublished\":\"2022-09-30T12:14:07+00:00\",\"dateModified\":\"2022-09-30T12:14:07+00:00\",\"breadcrumb\":{\"@id\":\"https:\/\/wpdiarytheme.com\/cs\/stranky-pro-pripojeni-milf\/#breadcrumb\"},\"inLanguage\":\"cs\",\"potentialAction\":[{\"@type\":\"ReadAction\",\"target\":[\"https:\/\/wpdiarytheme.com\/cs\/stranky-pro-pripojeni-milf\/\"]}]},{\"@type\":\"BreadcrumbList\",\"@id\":\"https:\/\/wpdiarytheme.com\/cs\/stranky-pro-pripojeni-milf\/#breadcrumb\",\"itemListElement\":[{\"@type\":\"ListItem\",\"position\":1,\"name\":\"Home\",\"item\":\"https:\/\/wpdiarytheme.com\/cs\/\"},{\"@type\":\"ListItem\",\"position\":2,\"name\":\"Str\\u00e1nky pro p\\u0159ipojen\\u00ed MILF\"}]}]}<\/script>\n<!-- \/ Yoast SEO plugin. -->","yoast_head_json":{"title":"Str\u00e1nky pro p\u0159ipojen\u00ed MILF - Dating Themes","robots":{"index":"index","follow":"follow","max-snippet":"max-snippet:-1","max-image-preview":"max-image-preview:large","max-video-preview":"max-video-preview:-1"},"canonical":"https:\/\/wpdiarytheme.com\/cs\/stranky-pro-pripojeni-milf\/","og_locale":"cs_CZ","og_type":"article","og_title":"Str\u00e1nky pro p\u0159ipojen\u00ed MILF - Dating Themes","og_description":"Existuje mnoho milf hookup str\u00e1nek tam, ale ne v\u0161echny z nich jsou vytvo\u0159eny stejn\u00e9. Chcete se ujistit, \u017ee najdete web,&hellip;","og_url":"https:\/\/wpdiarytheme.com\/cs\/stranky-pro-pripojeni-milf\/","og_site_name":"Dating Themes","twitter_card":"summary_large_image","twitter_misc":{"Odhadovan\u00e1 doba \u010dten\u00ed":"4 minuty"},"schema":{"@context":"https:\/\/schema.org","@graph":[{"@type":"WebSite","@id":"https:\/\/wpdiarytheme.com\/#website","url":"https:\/\/wpdiarytheme.com\/","name":"Dating Themes","description":"Find Your Perfect App","potentialAction":[{"@type":"SearchAction","target":{"@type":"EntryPoint","urlTemplate":"https:\/\/wpdiarytheme.com\/?s={search_term_string}"},"query-input":"required name=search_term_string"}],"inLanguage":"cs"},{"@type":"WebPage","@id":"https:\/\/wpdiarytheme.com\/cs\/stranky-pro-pripojeni-milf\/#webpage","url":"https:\/\/wpdiarytheme.com\/cs\/stranky-pro-pripojeni-milf\/","name":"Str\u00e1nky pro p\u0159ipojen\u00ed MILF - Dating Themes","isPartOf":{"@id":"https:\/\/wpdiarytheme.com\/#website"},"datePublished":"2022-09-30T12:14:07+00:00","dateModified":"2022-09-30T12:14:07+00:00","breadcrumb":{"@id":"https:\/\/wpdiarytheme.com\/cs\/stranky-pro-pripojeni-milf\/#breadcrumb"},"inLanguage":"cs","potentialAction":[{"@type":"ReadAction","target":["https:\/\/wpdiarytheme.com\/cs\/stranky-pro-pripojeni-milf\/"]}]},{"@type":"BreadcrumbList","@id":"https:\/\/wpdiarytheme.com\/cs\/stranky-pro-pripojeni-milf\/#breadcrumb","itemListElement":[{"@type":"ListItem","position":1,"name":"Home","item":"https:\/\/wpdiarytheme.com\/cs\/"},{"@type":"ListItem","position":2,"name":"Str\u00e1nky pro p\u0159ipojen\u00ed MILF"}]}]}},"_links":{"self":[{"href":"https:\/\/wpdiarytheme.com\/cs\/wp-json\/wp\/v2\/pages\/246"}],"collection":[{"href":"https:\/\/wpdiarytheme.com\/cs\/wp-json\/wp\/v2\/pages"}],"about":[{"href":"https:\/\/wpdiarytheme.com\/cs\/wp-json\/wp\/v2\/types\/page"}],"author":[{"embeddable":true,"href":"https:\/\/wpdiarytheme.com\/cs\/wp-json\/wp\/v2\/users\/1"}],"replies":[{"embeddable":true,"href":"https:\/\/wpdiarytheme.com\/cs\/wp-json\/wp\/v2\/comments?post=246"}],"version-history":[{"count":0,"href":"https:\/\/wpdiarytheme.com\/cs\/wp-json\/wp\/v2\/pages\/246\/revisions"}],"wp:attachment":[{"href":"https:\/\/wpdiarytheme.com\/cs\/wp-json\/wp\/v2\/media?parent=246"}],"curies":[{"name":"wp","href":"https:\/\/api.w.org\/{rel}","templated":true}]}}