{"id":173,"date":"2022-09-12T12:14:34","date_gmt":"2022-09-12T11:14:34","guid":{"rendered":"http:\/\/wpdiarytheme.com\/vas-seznamovaci-denik-hookups-more\/"},"modified":"2022-09-12T12:14:34","modified_gmt":"2022-09-12T11:14:34","slug":"vas-seznamovaci-denik-hookups-more","status":"publish","type":"page","link":"https:\/\/wpdiarytheme.com\/cs\/","title":{"rendered":"V\u00e1\u0161 seznamovac\u00ed den\u00edk: Hookups &amp; More"},"content":{"rendered":"<p>V\u00edm, co si mysl\u00edte: &#8222;Existuj\u00ed tis\u00edce seznamovac\u00edch aplikac\u00ed a webov\u00fdch str\u00e1nek.&#8220; A m\u011bli byste pravdu. Ale mysl\u00edm, \u017ee se m\u016f\u017eeme shodnout na tom, \u017ee existuj\u00ed n\u011bkter\u00e9 nejlep\u0161\u00ed. Jako n\u011bkdo, kdo pou\u017e\u00edv\u00e1 jeden ka\u017ed\u00fd den, jsem se cht\u011bl ujistit, \u017ee v\u00edte o nejlep\u0161\u00edch bezplatn\u00fdch str\u00e1nk\u00e1ch pro p\u0159ipojen\u00ed.<\/p>\n<p>Tento seznam obsahuje v\u0161echny hlavn\u00ed, kter\u00e9 jsou zcela zdarma. N\u011bkte\u0159\u00ed z nich maj\u00ed dokonce placen\u00e9 pl\u00e1ny, ale ty nejsou nutn\u00e9 se p\u0159ipojit. Pokud v\u0161ak chcete naj\u00edt dlouhodob\u00fd vztah, pod\u00edvejte se na m\u016fj pr\u016fvodce hled\u00e1n\u00edm l\u00e1sky online.<\/p>\n<p>Nejv\u011bt\u0161\u00ed v\u011bc, kterou si na t\u011bchto str\u00e1nk\u00e1ch v\u0161imnete, je, jak snadno se pou\u017e\u00edvaj\u00ed. V\u011bt\u0161ina str\u00e1nek nevy\u017eaduje \u017e\u00e1dn\u00e9 registrace, pouze u\u017eivatelsk\u00e9 jm\u00e9no a heslo. Nemus\u00edte vypl\u0148ovat profily ani odpov\u00eddat na ot\u00e1zky; sta\u010d\u00ed do vyhled\u00e1vac\u00edho pole zadat, co se v\u00e1m l\u00edb\u00ed, a za\u010d\u00edt se setk\u00e1vat s lidmi.<\/p>\n<p>Na na\u0161em seznamu nenajdete \u017e\u00e1dn\u00e9 fale\u0161n\u00e9 \u00fa\u010dty. V\u0161echny zde uveden\u00e9 str\u00e1nky jsou zcela legitimn\u00ed a bezpe\u010dn\u00e9. Na t\u011bchto platform\u00e1ch je tak\u00e9 spousta r\u016fzn\u00fdch typ\u016f lid\u00ed. A\u0165 u\u017e d\u00e1v\u00e1te p\u0159ednost p\u0159\u00edle\u017eitostn\u00e9mu sexu nebo v\u00e1\u017en\u00fdm vztah\u016fm, ur\u010dit\u011b najdete n\u011bco, co v\u00e1s bav\u00ed.<\/p>\n<h2>Za\u010d\u00edn\u00e1me se seznamovac\u00edmi weby<\/h2>\n<p>Mnoho lid\u00ed pou\u017e\u00edv\u00e1 seznamovac\u00ed weby a aplikace, aby se spojili s potenci\u00e1ln\u00edmi romantick\u00fdmi z\u00e1pasy. Ale zat\u00edmco tyto str\u00e1nky nab\u00edzej\u00ed spoustu funkc\u00ed pro nalezen\u00ed l\u00e1sky, existuje mnoho dal\u0161\u00edch, kter\u00e9 se staraj\u00ed konkr\u00e9tn\u011b o setk\u00e1n\u00ed na jednu noc. A\u0165 u\u017e hled\u00e1te rychl\u00fd flirt nebo jen n\u011bkoho, s k\u00fdm byste se mohli setkat, zde je 10 skv\u011bl\u00fdch m\u00edst, kam j\u00edt, kde nebudete muset ani platit nic, abyste to zkusili.<\/p>\n<p><img loading=\"lazy\" class=\"aligncenter wp-image-66 size-large\" src=\"http:\/\/wpdiarytheme.com\/wp-content\/uploads\/2022\/09\/real-dates-online-1024x683.jpeg\" alt=\"\" width=\"525\" height=\"350\" srcset=\"https:\/\/wpdiarytheme.com\/wp-content\/uploads\/2022\/09\/real-dates-online-1024x683.jpeg 1024w, https:\/\/wpdiarytheme.com\/wp-content\/uploads\/2022\/09\/real-dates-online-300x200.jpeg 300w, https:\/\/wpdiarytheme.com\/wp-content\/uploads\/2022\/09\/real-dates-online-768x512.jpeg 768w, https:\/\/wpdiarytheme.com\/wp-content\/uploads\/2022\/09\/real-dates-online.jpeg 1125w\" sizes=\"(max-width: 525px) 100vw, 525px\" \/><\/p>\n<h3>PlentyOfFish<\/h3>\n<p>PlentyOfFish je pravd\u011bpodobn\u011b nejzn\u00e1m\u011bj\u0161\u00edm m\u00edstem pro p\u0159\u00edle\u017eitostn\u00e1 setk\u00e1n\u00ed. I kdy\u017e \u00fa\u010dtuje poplatek, aby se stal pr\u00e9miov\u00fdm \u010dlenem, nab\u00edz\u00ed spoustu funkc\u00ed, v\u010detn\u011b mo\u017enosti proch\u00e1zet \u010dleny na z\u00e1klad\u011b um\u00edst\u011bn\u00ed, v\u011bku, typu t\u011bla, pohlav\u00ed, etnick\u00e9ho p\u016fvodu, n\u00e1bo\u017eenstv\u00ed, stavu vztahu, \u00farovn\u011b vzd\u011bl\u00e1n\u00ed, v\u00fd\u0161ky, hmotnosti, ku\u0159\u00e1ck\u00fdch n\u00e1vyk\u016f, n\u00e1vyk\u016f na pit\u00ed a mnoho dal\u0161\u00edho. Nikdy nenaraz\u00edte na nikoho, koho zn\u00e1te, ale m\u016f\u017eete se nakonec setkat s n\u011bk\u00fdm, kdo sd\u00edl\u00ed va\u0161e z\u00e1jmy.<\/p>\n<h3>AdultFriendFinder<\/h3>\n<p>Adult Friend Finder je dal\u0161\u00edm velmi obl\u00edben\u00fdm m\u00edstem, kde m\u016f\u017eete hledat p\u0159\u00edle\u017eitostn\u00e9 setk\u00e1n\u00ed. Jsou na trhu od roku 1999 a tvrd\u00ed, \u017ee maj\u00ed miliony aktivn\u00edch profil\u016f. Existuje mnoho r\u016fzn\u00fdch mo\u017enost\u00ed \u010dlenstv\u00ed, od bezplatn\u00e9 zku\u0161ebn\u00ed verze a\u017e po m\u011bs\u00ed\u010dn\u00ed p\u0159edplatn\u00e9. Dokud jste ochotni d\u00e1t do toho n\u011bjakou pr\u00e1ci, m\u016f\u017eete naj\u00edt p\u0159esn\u011b to, co hled\u00e1te.<\/p>\n<p>Adult Friend Finder je dal\u0161\u00ed web v\u011bnovan\u00fd pomoci dosp\u011bl\u00fdm naj\u00edt p\u0159\u00e1tele s v\u00fdhodami. Ve skute\u010dnosti je to druh\u00e1 nejv\u011bt\u0161\u00ed osobn\u00ed str\u00e1nka BBW za Ashley Madison.<\/p>\n<h3>Ashley Madisonov\u00e1<\/h3>\n<p>Pokud hled\u00e1te n\u011bco diskr\u00e9tn\u00edho, Ashley Madison rozhodn\u011b stoj\u00ed za to se pod\u00edvat. Tento web v\u00e1m d\u00e1v\u00e1 mo\u017enost zobrazit profily jin\u00fdch lid\u00ed, pos\u00edlat zpr\u00e1vy a uspo\u0159\u00e1dat data. To v\u0161e se d\u011bje zcela anonymn\u011b. Pokud se rozhodnete zaregistrovat pr\u00e9miov\u00e9 \u010dlenstv\u00ed, uvid\u00edte cel\u00e1 jm\u00e9na, e-mailov\u00e9 adresy a dokonce i telefonn\u00ed \u010d\u00edsla ostatn\u00edch \u010dlen\u016f.<\/p>\n<p>AshleyMadison.com je z\u00e1van \u010derstv\u00e9ho online vzduchu pro lidi, kte\u0159\u00ed cht\u011bj\u00ed za\u017e\u00edt trochu ko\u0159en\u00ed nav\u00edc ve sv\u00e9m milostn\u00e9m \u017eivot\u011b. S v\u00edce ne\u017e 54 miliony \u010dlen\u016f po cel\u00e9m sv\u011bt\u011b nab\u00edz\u00ed seznamka pro dosp\u011bl\u00e9 spoustu zp\u016fsob\u016f, jak se setkat s podobn\u011b sm\u00fd\u0161lej\u00edc\u00edmi nezadan\u00fdmi. A\u0165 u\u017e hled\u00e1te p\u0159\u00edle\u017eitostn\u00e1 setk\u00e1n\u00ed, v\u00e1\u017en\u00fd vztah nebo n\u011bco \u00fapln\u011b jin\u00e9ho, AshleyMadison.com m\u00e1 v\u0161e, co hled\u00e1te.<\/p>\n<h3>BeNaughty<\/h3>\n<p>BeNaughty je bezplatn\u00e1 online seznamovac\u00ed aplikace, kde se lid\u00e9 setk\u00e1vaj\u00ed na z\u00e1klad\u011b spole\u010dn\u00e9ho z\u00e1jmu. Nemus\u00edte se ob\u00e1vat, \u017ee najdete n\u011bkoho zvl\u00e1\u0161tn\u00edho, proto\u017ee na v\u00e1s \u010dekaj\u00ed tis\u00edce \u010dlen\u016f.<\/p>\n<p>C\u00edl BeNaughty je jednoduch\u00fd: chceme usnadnit setk\u00e1v\u00e1n\u00ed s lidmi. Ud\u011blali jsme pro v\u00e1s tvrdou pr\u00e1ci &#8211; n\u00e1\u0161 t\u00fdm odborn\u00edk\u016f ru\u010dn\u011b vybral profily hork\u00fdch kluk\u016f a d\u00edvek, jako jste vy. A\u0165 u\u017e hled\u00e1te p\u0159\u00e1telstv\u00ed, p\u0159\u00edle\u017eitostn\u00fd sex nebo n\u011bco v\u00e1\u017en\u00e9ho, najdete zde p\u0159esn\u011b to, co chcete.<\/p>\n<p>Pokud jste p\u0159ipraveni za\u010d\u00edt chatovat s m\u00edstn\u00edm singletonem, zaregistrujte se nyn\u00ed a za\u010dn\u011bte proch\u00e1zet.<\/p>\n<h3>IWantU<\/h3>\n<p>Aplikace IWantU je str\u00e1nka pro p\u0159ipojen\u00ed, kter\u00e1 umo\u017e\u0148uje lidem setkat se na sex ve stejn\u00fd den. Aplikace, kter\u00e1 byla spu\u0161t\u011bna v roce 2017, byla sta\u017eena v\u00edce ne\u017e 50 milionkr\u00e1t po cel\u00e9m sv\u011bt\u011b, s v\u00edce ne\u017e 30 miliony sta\u017een\u00ed jen v USA. U\u017eivatel\u00e9 se zaregistruj\u00ed zdarma, zvol\u00ed si pohlav\u00ed, v\u011bkov\u00e9 rozmez\u00ed, polohu a z\u00e1jmy a \u010dekaj\u00ed na shody na z\u00e1klad\u011b t\u011bchto krit\u00e9ri\u00ed. Pot\u00e9 mohou nav\u00e1zat kontakt p\u0159\u00edmo prost\u0159ednictv\u00edm e-mailu nebo telefonn\u00edho hovoru a domluvit si sch\u016fzku na sex do 24 hodin.<\/p>\n<p>Aplikace je navr\u017eena tak, aby pomohla zanepr\u00e1zdn\u011bn\u00fdm profesion\u00e1l\u016fm setkat se s podobn\u011b sm\u00fd\u0161lej\u00edc\u00edmi jednotlivci na jednu noc, rychl\u00e9 flirty nebo dokonce nab\u00eddky k s\u0148atku. Neexistuj\u00ed \u017e\u00e1dn\u00e1 odm\u00edtnut\u00ed nebo dlouh\u00e9 p\u0159esv\u011bd\u010dov\u00e1n\u00ed, proto\u017ee v\u0161ichni \u010dlenov\u00e9 p\u0159ich\u00e1zej\u00ed za stejnou v\u011bc\u00ed &#8211; sexem.<\/p>\n<p>Ka\u017ed\u00fd u\u017eivatel se vyzna\u010duje emancipac\u00ed, touhou p\u0159ij\u00edmat a poskytovat pot\u011b\u0161en\u00ed a ochotou vyzkou\u0161et n\u011bco jin\u00e9ho. Krom\u011b profilov\u00e9 sekce, kde se u\u017eivatel\u00e9 popisuj\u00ed, nahr\u00e1vaj\u00ed tak\u00e9 obr\u00e1zky, videa a m\u00edsta, kde se cht\u011bj\u00ed setkat.<\/p>\n<h2>Co bude d\u00e1l?<\/h2>\n<p>Dob\u0159e, tak\u017ee v\u00edme, co si mysl\u00edte. &#8222;Nechci se p\u0159ipojit k n\u011bjak\u00e9mu webu pro p\u0159ipojen\u00ed.&#8220; No, je to v po\u0159\u00e1dku, proto\u017ee existuje spousta bezplatn\u00fdch web\u016f, kter\u00e9 nab\u00edzej\u00ed skv\u011bl\u00e9 funkce, jako jsou rychl\u00e9 zpr\u00e1vy a videochat.<\/p>\n<p>Pokud chcete m\u00edt dnes ve\u010der p\u0159\u00edle\u017eitostn\u00fd sex, pokra\u010dujte v posouv\u00e1n\u00ed a podnikn\u011bte kroky, dost jednoduch\u00e9, \u017ee?<\/p>\n<p>M\u011bli byste se p\u0159ipojit k n\u011bkolika r\u016fzn\u00fdm web\u016fm a zjistit, kter\u00fd z nich v\u00e1m nejl\u00e9pe vyhovuje.<\/p>\n","protected":false},"excerpt":{"rendered":"<p>V\u00edm, co si mysl\u00edte: &#8222;Existuj\u00ed tis\u00edce seznamovac\u00edch aplikac\u00ed a webov\u00fdch str\u00e1nek.&#8220; A m\u011bli byste pravdu. Ale mysl\u00edm, \u017ee se m\u016f\u017eeme&hellip;<\/p>\n","protected":false},"author":1,"featured_media":76,"parent":0,"menu_order":0,"comment_status":"closed","ping_status":"closed","template":"","meta":[],"yoast_head":"<!-- This site is optimized with the Yoast SEO plugin v17.7.1 - https:\/\/yoast.com\/wordpress\/plugins\/seo\/ -->\n<title>V\u00e1\u0161 seznamovac\u00ed den\u00edk: Hookups &amp; More - Dating Themes<\/title>\n<meta name=\"robots\" content=\"index, follow, max-snippet:-1, max-image-preview:large, max-video-preview:-1\" \/>\n<link rel=\"canonical\" href=\"https:\/\/wpdiarytheme.com\/cs\/\" \/>\n<meta property=\"og:locale\" content=\"cs_CZ\" \/>\n<meta property=\"og:type\" content=\"article\" \/>\n<meta property=\"og:title\" content=\"V\u00e1\u0161 seznamovac\u00ed den\u00edk: Hookups &amp; More - Dating Themes\" \/>\n<meta property=\"og:description\" content=\"V\u00edm, co si mysl\u00edte: &#8222;Existuj\u00ed tis\u00edce seznamovac\u00edch aplikac\u00ed a webov\u00fdch str\u00e1nek.&#8220; A m\u011bli byste pravdu. Ale mysl\u00edm, \u017ee se m\u016f\u017eeme&hellip;\" \/>\n<meta property=\"og:url\" content=\"https:\/\/wpdiarytheme.com\/cs\/\" \/>\n<meta property=\"og:site_name\" content=\"Dating Themes\" \/>\n<meta property=\"og:image\" content=\"https:\/\/wpdiarytheme.com\/wp-content\/uploads\/2022\/09\/local-sex-match.jpeg\" \/>\n\t<meta property=\"og:image:width\" content=\"1600\" \/>\n\t<meta property=\"og:image:height\" content=\"1067\" \/>\n<meta name=\"twitter:card\" content=\"summary_large_image\" \/>\n<meta name=\"twitter:label1\" content=\"Odhadovan\u00e1 doba \u010dten\u00ed\" \/>\n\t<meta name=\"twitter:data1\" content=\"6 minut\" \/>\n<script type=\"application\/ld+json\" class=\"yoast-schema-graph\">{\"@context\":\"https:\/\/schema.org\",\"@graph\":[{\"@type\":\"WebSite\",\"@id\":\"https:\/\/wpdiarytheme.com\/#website\",\"url\":\"https:\/\/wpdiarytheme.com\/\",\"name\":\"Dating Themes\",\"description\":\"Find Your Perfect App\",\"potentialAction\":[{\"@type\":\"SearchAction\",\"target\":{\"@type\":\"EntryPoint\",\"urlTemplate\":\"https:\/\/wpdiarytheme.com\/?s={search_term_string}\"},\"query-input\":\"required name=search_term_string\"}],\"inLanguage\":\"cs\"},{\"@type\":\"ImageObject\",\"@id\":\"https:\/\/wpdiarytheme.com\/cs\/#primaryimage\",\"inLanguage\":\"cs\",\"url\":\"https:\/\/wpdiarytheme.com\/wp-content\/uploads\/2022\/09\/local-sex-match.jpeg\",\"contentUrl\":\"https:\/\/wpdiarytheme.com\/wp-content\/uploads\/2022\/09\/local-sex-match.jpeg\",\"width\":1600,\"height\":1067},{\"@type\":\"WebPage\",\"@id\":\"https:\/\/wpdiarytheme.com\/cs\/#webpage\",\"url\":\"https:\/\/wpdiarytheme.com\/cs\/\",\"name\":\"V\\u00e1\\u0161 seznamovac\\u00ed den\\u00edk: Hookups &amp; More - Dating Themes\",\"isPartOf\":{\"@id\":\"https:\/\/wpdiarytheme.com\/#website\"},\"primaryImageOfPage\":{\"@id\":\"https:\/\/wpdiarytheme.com\/cs\/#primaryimage\"},\"datePublished\":\"2022-09-12T11:14:34+00:00\",\"dateModified\":\"2022-09-12T11:14:34+00:00\",\"breadcrumb\":{\"@id\":\"https:\/\/wpdiarytheme.com\/cs\/#breadcrumb\"},\"inLanguage\":\"cs\",\"potentialAction\":[{\"@type\":\"ReadAction\",\"target\":[\"https:\/\/wpdiarytheme.com\/cs\/\"]}]},{\"@type\":\"BreadcrumbList\",\"@id\":\"https:\/\/wpdiarytheme.com\/cs\/#breadcrumb\",\"itemListElement\":[{\"@type\":\"ListItem\",\"position\":1,\"name\":\"Home\",\"item\":\"https:\/\/wpdiarytheme.com\/cs\/\"},{\"@type\":\"ListItem\",\"position\":2,\"name\":\"V\\u00e1\\u0161 seznamovac\\u00ed den\\u00edk: Hookups &amp; More\"}]}]}<\/script>\n<!-- \/ Yoast SEO plugin. -->","yoast_head_json":{"title":"V\u00e1\u0161 seznamovac\u00ed den\u00edk: Hookups &amp; More - Dating Themes","robots":{"index":"index","follow":"follow","max-snippet":"max-snippet:-1","max-image-preview":"max-image-preview:large","max-video-preview":"max-video-preview:-1"},"canonical":"https:\/\/wpdiarytheme.com\/cs\/","og_locale":"cs_CZ","og_type":"article","og_title":"V\u00e1\u0161 seznamovac\u00ed den\u00edk: Hookups &amp; More - Dating Themes","og_description":"V\u00edm, co si mysl\u00edte: &#8222;Existuj\u00ed tis\u00edce seznamovac\u00edch aplikac\u00ed a webov\u00fdch str\u00e1nek.&#8220; A m\u011bli byste pravdu. Ale mysl\u00edm, \u017ee se m\u016f\u017eeme&hellip;","og_url":"https:\/\/wpdiarytheme.com\/cs\/","og_site_name":"Dating Themes","og_image":[{"width":1600,"height":1067,"url":"https:\/\/wpdiarytheme.com\/wp-content\/uploads\/2022\/09\/local-sex-match.jpeg","type":"image\/jpeg"}],"twitter_card":"summary_large_image","twitter_misc":{"Odhadovan\u00e1 doba \u010dten\u00ed":"6 minut"},"schema":{"@context":"https:\/\/schema.org","@graph":[{"@type":"WebSite","@id":"https:\/\/wpdiarytheme.com\/#website","url":"https:\/\/wpdiarytheme.com\/","name":"Dating Themes","description":"Find Your Perfect App","potentialAction":[{"@type":"SearchAction","target":{"@type":"EntryPoint","urlTemplate":"https:\/\/wpdiarytheme.com\/?s={search_term_string}"},"query-input":"required name=search_term_string"}],"inLanguage":"cs"},{"@type":"ImageObject","@id":"https:\/\/wpdiarytheme.com\/cs\/#primaryimage","inLanguage":"cs","url":"https:\/\/wpdiarytheme.com\/wp-content\/uploads\/2022\/09\/local-sex-match.jpeg","contentUrl":"https:\/\/wpdiarytheme.com\/wp-content\/uploads\/2022\/09\/local-sex-match.jpeg","width":1600,"height":1067},{"@type":"WebPage","@id":"https:\/\/wpdiarytheme.com\/cs\/#webpage","url":"https:\/\/wpdiarytheme.com\/cs\/","name":"V\u00e1\u0161 seznamovac\u00ed den\u00edk: Hookups &amp; More - Dating Themes","isPartOf":{"@id":"https:\/\/wpdiarytheme.com\/#website"},"primaryImageOfPage":{"@id":"https:\/\/wpdiarytheme.com\/cs\/#primaryimage"},"datePublished":"2022-09-12T11:14:34+00:00","dateModified":"2022-09-12T11:14:34+00:00","breadcrumb":{"@id":"https:\/\/wpdiarytheme.com\/cs\/#breadcrumb"},"inLanguage":"cs","potentialAction":[{"@type":"ReadAction","target":["https:\/\/wpdiarytheme.com\/cs\/"]}]},{"@type":"BreadcrumbList","@id":"https:\/\/wpdiarytheme.com\/cs\/#breadcrumb","itemListElement":[{"@type":"ListItem","position":1,"name":"Home","item":"https:\/\/wpdiarytheme.com\/cs\/"},{"@type":"ListItem","position":2,"name":"V\u00e1\u0161 seznamovac\u00ed den\u00edk: Hookups &amp; More"}]}]}},"_links":{"self":[{"href":"https:\/\/wpdiarytheme.com\/cs\/wp-json\/wp\/v2\/pages\/173"}],"collection":[{"href":"https:\/\/wpdiarytheme.com\/cs\/wp-json\/wp\/v2\/pages"}],"about":[{"href":"https:\/\/wpdiarytheme.com\/cs\/wp-json\/wp\/v2\/types\/page"}],"author":[{"embeddable":true,"href":"https:\/\/wpdiarytheme.com\/cs\/wp-json\/wp\/v2\/users\/1"}],"replies":[{"embeddable":true,"href":"https:\/\/wpdiarytheme.com\/cs\/wp-json\/wp\/v2\/comments?post=173"}],"version-history":[{"count":0,"href":"https:\/\/wpdiarytheme.com\/cs\/wp-json\/wp\/v2\/pages\/173\/revisions"}],"wp:featuredmedia":[{"embeddable":true,"href":"https:\/\/wpdiarytheme.com\/cs\/wp-json\/wp\/v2\/media\/76"}],"wp:attachment":[{"href":"https:\/\/wpdiarytheme.com\/cs\/wp-json\/wp\/v2\/media?parent=173"}],"curies":[{"name":"wp","href":"https:\/\/api.w.org\/{rel}","templated":true}]}}